{"id":50275,"date":"2025-11-09T00:49:25","date_gmt":"2025-11-09T05:49:25","guid":{"rendered":"https:\/\/klpa.co\/?page_id=50275"},"modified":"2025-11-09T01:07:00","modified_gmt":"2025-11-09T06:07:00","slug":"avaliacao-gratuita-de-alinhamento-cultural","status":"publish","type":"page","link":"https:\/\/klpa.co\/pt-br\/avaliacao-gratuita-de-alinhamento-cultural\/","title":{"rendered":"Avalia\u00e7\u00e3o Gratuita de Alinhamento Cultural"},"content":{"rendered":"<p>[et_pb_section fb_built=&#8221;1&#8243; _builder_version=&#8221;4.27.4&#8243; _module_preset=&#8221;default&#8221; global_colors_info=&#8221;{}&#8221;][et_pb_row admin_label=&#8221;row&#8221; _builder_version=&#8221;4.27.4&#8243; background_size=&#8221;initial&#8221; background_position=&#8221;top_left&#8221; background_repeat=&#8221;repeat&#8221; locked=&#8221;off&#8221; global_colors_info=&#8221;{}&#8221;][et_pb_column type=&#8221;4_4&#8243; _builder_version=&#8221;4.16&#8243; custom_padding=&#8221;|||&#8221; global_colors_info=&#8221;{}&#8221; custom_padding__hover=&#8221;|||&#8221;][et_pb_text admin_label=&#8221;Text&#8221; _builder_version=&#8221;4.27.4&#8243; background_size=&#8221;initial&#8221; background_position=&#8221;top_left&#8221; background_repeat=&#8221;repeat&#8221; global_colors_info=&#8221;{}&#8221;]<\/p>\n<p>&nbsp;<\/p>\n<p><span style=\"color: #fc8a32; --darkreader-inline-color: var(--darkreader-text-fc8a32, #fc903d); font-size: xx-large;\" data-darkreader-inline-color=\"\"><b>Avalia\u00e7\u00e3o Gratuita de Alinhamento Cultural\u00a0<\/b><\/span><\/p>\n<p><strong>Na KLPA<span style=\"font-weight: 400;\">, trabalhamos com l\u00edderes para compreender e alavancar o poder da cultura. Utilizando nosso diagn\u00f3stico CORE, podemos revelar em <\/span><b>tr\u00eas minutos<\/b><span style=\"font-weight: 400;\"> onde sua equipe de lideran\u00e7a est\u00e1 alinhada e onde existem lacunas em valores, comportamentos e desempenho.<\/span><\/strong><\/p>\n<p><span style=\"font-weight: 400;\">Responda \u00e0 avalia\u00e7\u00e3o CORE (Cultura, Orienta\u00e7\u00e3o e Avalia\u00e7\u00e3o de Fun\u00e7\u00f5es) abaixo, que inclui uma consulta gratuita com o Dr. Ken Price.<\/span><\/p>\n<p><span style=\"font-weight: 400;\">Este diagn\u00f3stico \u00e9 oferecido em parceria com a<\/span><a href=\"https:\/\/caarmo.com\/\"> <span style=\"font-weight: 400;\">CAARMO<\/span><\/a><span style=\"font-weight: 400;\">. Observe que o e-mail de acompanhamento ser\u00e1 enviado pela CAARMO.<\/span><\/p>\n<p><iframe loading=\"lazy\" id=\"fluentform\" style=\"min-height: 950px; width: 100%;\" src=\"https:\/\/caarmo.com\/?ff_landing=26&amp;hbs=info@klpa.co&amp;smefn=Dr.Ken&amp;smeln=Price&amp;smeorg=KLPAssociates&amp;smebookme=https:\/\/calendly.com\/ken-price-klpa\/30min&amp;smelogourl=na&amp;tin=na&amp;uoo=na&amp;mte=na&amp;ste=na&amp;typ=any&amp;med=embed&amp;refc=reg&amp;ast=individual&amp;cmpg=strategicpartner&amp;orgc=na\" width=\"980px\" height=\"1000px\" scrolling=\"no\"><\/iframe><\/p>\n<p>[\/et_pb_text][\/et_pb_column][\/et_pb_row][\/et_pb_section]<\/p>\n","protected":false},"excerpt":{"rendered":"<p>&nbsp; Avalia\u00e7\u00e3o Gratuita de Alinhamento Cultural\u00a0 Na KLPA, trabalhamos com l\u00edderes para compreender e alavancar o poder da cultura. Utilizando nosso diagn\u00f3stico CORE, podemos revelar em tr\u00eas minutos onde sua equipe de lideran\u00e7a est\u00e1 alinhada e onde existem lacunas em valores, comportamentos e desempenho. Responda \u00e0 avalia\u00e7\u00e3o CORE (Cultura, Orienta\u00e7\u00e3o e Avalia\u00e7\u00e3o de Fun\u00e7\u00f5es) abaixo, [&hellip;]<\/p>\n","protected":false},"author":13,"featured_media":0,"parent":0,"menu_order":0,"comment_status":"closed","ping_status":"closed","template":"","meta":{"_acf_changed":false,"_et_pb_use_builder":"on","_et_pb_old_content":"","_et_gb_content_width":"","footnotes":""},"class_list":["post-50275","page","type-page","status-publish","hentry"],"acf":[],"yoast_head":"<!-- This site is optimized with the Yoast SEO plugin v26.8 - https:\/\/yoast.com\/product\/yoast-seo-wordpress\/ -->\n<title>Avalia\u00e7\u00e3o Gratuita de Alinhamento Cultural - KLPAssociates<\/title>\n<meta name=\"robots\" content=\"index, follow, max-snippet:-1, max-image-preview:large, max-video-preview:-1\" \/>\n<link rel=\"canonical\" href=\"https:\/\/klpa.co\/pt-br\/avaliacao-gratuita-de-alinhamento-cultural\/\" \/>\n<meta property=\"og:locale\" content=\"pt_BR\" \/>\n<meta property=\"og:type\" content=\"article\" \/>\n<meta property=\"og:title\" content=\"Avalia\u00e7\u00e3o Gratuita de Alinhamento Cultural - KLPAssociates\" \/>\n<meta property=\"og:description\" content=\"&nbsp; Avalia\u00e7\u00e3o Gratuita de Alinhamento Cultural\u00a0 Na KLPA, trabalhamos com l\u00edderes para compreender e alavancar o poder da cultura. Utilizando nosso diagn\u00f3stico CORE, podemos revelar em tr\u00eas minutos onde sua equipe de lideran\u00e7a est\u00e1 alinhada e onde existem lacunas em valores, comportamentos e desempenho. Responda \u00e0 avalia\u00e7\u00e3o CORE (Cultura, Orienta\u00e7\u00e3o e Avalia\u00e7\u00e3o de Fun\u00e7\u00f5es) abaixo, [&hellip;]\" \/>\n<meta property=\"og:url\" content=\"https:\/\/klpa.co\/pt-br\/avaliacao-gratuita-de-alinhamento-cultural\/\" \/>\n<meta property=\"og:site_name\" content=\"KLPAssociates\" \/>\n<meta property=\"article:modified_time\" content=\"2025-11-09T06:07:00+00:00\" \/>\n<meta name=\"twitter:card\" content=\"summary_large_image\" \/>\n<meta name=\"twitter:label1\" content=\"Est. reading time\" \/>\n\t<meta name=\"twitter:data1\" content=\"1 minute\" \/>\n<script type=\"application\/ld+json\" class=\"yoast-schema-graph\">{\"@context\":\"https:\/\/schema.org\",\"@graph\":[{\"@type\":\"WebPage\",\"@id\":\"https:\/\/klpa.co\/pt-br\/avaliacao-gratuita-de-alinhamento-cultural\/\",\"url\":\"https:\/\/klpa.co\/pt-br\/avaliacao-gratuita-de-alinhamento-cultural\/\",\"name\":\"Avalia\u00e7\u00e3o Gratuita de Alinhamento Cultural - KLPAssociates\",\"isPartOf\":{\"@id\":\"https:\/\/klpa.co\/#website\"},\"datePublished\":\"2025-11-09T05:49:25+00:00\",\"dateModified\":\"2025-11-09T06:07:00+00:00\",\"breadcrumb\":{\"@id\":\"https:\/\/klpa.co\/pt-br\/avaliacao-gratuita-de-alinhamento-cultural\/#breadcrumb\"},\"inLanguage\":\"pt-BR\",\"potentialAction\":[{\"@type\":\"ReadAction\",\"target\":[\"https:\/\/klpa.co\/pt-br\/avaliacao-gratuita-de-alinhamento-cultural\/\"]}]},{\"@type\":\"BreadcrumbList\",\"@id\":\"https:\/\/klpa.co\/pt-br\/avaliacao-gratuita-de-alinhamento-cultural\/#breadcrumb\",\"itemListElement\":[{\"@type\":\"ListItem\",\"position\":1,\"name\":\"Home\",\"item\":\"https:\/\/klpa.co\/pt-br\/\"},{\"@type\":\"ListItem\",\"position\":2,\"name\":\"Avalia\u00e7\u00e3o Gratuita de Alinhamento Cultural\"}]},{\"@type\":\"WebSite\",\"@id\":\"https:\/\/klpa.co\/#website\",\"url\":\"https:\/\/klpa.co\/\",\"name\":\"KLPAssociates\",\"description\":\"Culture for Results\",\"potentialAction\":[{\"@type\":\"SearchAction\",\"target\":{\"@type\":\"EntryPoint\",\"urlTemplate\":\"https:\/\/klpa.co\/?s={search_term_string}\"},\"query-input\":{\"@type\":\"PropertyValueSpecification\",\"valueRequired\":true,\"valueName\":\"search_term_string\"}}],\"inLanguage\":\"pt-BR\"}]}<\/script>\n<!-- \/ Yoast SEO plugin. -->","yoast_head_json":{"title":"Avalia\u00e7\u00e3o Gratuita de Alinhamento Cultural - KLPAssociates","robots":{"index":"index","follow":"follow","max-snippet":"max-snippet:-1","max-image-preview":"max-image-preview:large","max-video-preview":"max-video-preview:-1"},"canonical":"https:\/\/klpa.co\/pt-br\/avaliacao-gratuita-de-alinhamento-cultural\/","og_locale":"pt_BR","og_type":"article","og_title":"Avalia\u00e7\u00e3o Gratuita de Alinhamento Cultural - KLPAssociates","og_description":"&nbsp; Avalia\u00e7\u00e3o Gratuita de Alinhamento Cultural\u00a0 Na KLPA, trabalhamos com l\u00edderes para compreender e alavancar o poder da cultura. Utilizando nosso diagn\u00f3stico CORE, podemos revelar em tr\u00eas minutos onde sua equipe de lideran\u00e7a est\u00e1 alinhada e onde existem lacunas em valores, comportamentos e desempenho. Responda \u00e0 avalia\u00e7\u00e3o CORE (Cultura, Orienta\u00e7\u00e3o e Avalia\u00e7\u00e3o de Fun\u00e7\u00f5es) abaixo, [&hellip;]","og_url":"https:\/\/klpa.co\/pt-br\/avaliacao-gratuita-de-alinhamento-cultural\/","og_site_name":"KLPAssociates","article_modified_time":"2025-11-09T06:07:00+00:00","twitter_card":"summary_large_image","twitter_misc":{"Est. reading time":"1 minute"},"schema":{"@context":"https:\/\/schema.org","@graph":[{"@type":"WebPage","@id":"https:\/\/klpa.co\/pt-br\/avaliacao-gratuita-de-alinhamento-cultural\/","url":"https:\/\/klpa.co\/pt-br\/avaliacao-gratuita-de-alinhamento-cultural\/","name":"Avalia\u00e7\u00e3o Gratuita de Alinhamento Cultural - KLPAssociates","isPartOf":{"@id":"https:\/\/klpa.co\/#website"},"datePublished":"2025-11-09T05:49:25+00:00","dateModified":"2025-11-09T06:07:00+00:00","breadcrumb":{"@id":"https:\/\/klpa.co\/pt-br\/avaliacao-gratuita-de-alinhamento-cultural\/#breadcrumb"},"inLanguage":"pt-BR","potentialAction":[{"@type":"ReadAction","target":["https:\/\/klpa.co\/pt-br\/avaliacao-gratuita-de-alinhamento-cultural\/"]}]},{"@type":"BreadcrumbList","@id":"https:\/\/klpa.co\/pt-br\/avaliacao-gratuita-de-alinhamento-cultural\/#breadcrumb","itemListElement":[{"@type":"ListItem","position":1,"name":"Home","item":"https:\/\/klpa.co\/pt-br\/"},{"@type":"ListItem","position":2,"name":"Avalia\u00e7\u00e3o Gratuita de Alinhamento Cultural"}]},{"@type":"WebSite","@id":"https:\/\/klpa.co\/#website","url":"https:\/\/klpa.co\/","name":"KLPAssociates","description":"Culture for Results","potentialAction":[{"@type":"SearchAction","target":{"@type":"EntryPoint","urlTemplate":"https:\/\/klpa.co\/?s={search_term_string}"},"query-input":{"@type":"PropertyValueSpecification","valueRequired":true,"valueName":"search_term_string"}}],"inLanguage":"pt-BR"}]}},"_links":{"self":[{"href":"https:\/\/klpa.co\/pt-br\/wp-json\/wp\/v2\/pages\/50275","targetHints":{"allow":["GET"]}}],"collection":[{"href":"https:\/\/klpa.co\/pt-br\/wp-json\/wp\/v2\/pages"}],"about":[{"href":"https:\/\/klpa.co\/pt-br\/wp-json\/wp\/v2\/types\/page"}],"author":[{"embeddable":true,"href":"https:\/\/klpa.co\/pt-br\/wp-json\/wp\/v2\/users\/13"}],"replies":[{"embeddable":true,"href":"https:\/\/klpa.co\/pt-br\/wp-json\/wp\/v2\/comments?post=50275"}],"version-history":[{"count":5,"href":"https:\/\/klpa.co\/pt-br\/wp-json\/wp\/v2\/pages\/50275\/revisions"}],"predecessor-version":[{"id":50287,"href":"https:\/\/klpa.co\/pt-br\/wp-json\/wp\/v2\/pages\/50275\/revisions\/50287"}],"wp:attachment":[{"href":"https:\/\/klpa.co\/pt-br\/wp-json\/wp\/v2\/media?parent=50275"}],"curies":[{"name":"wp","href":"https:\/\/api.w.org\/{rel}","templated":true}]}}