{"id":48995,"date":"2023-04-04T19:11:26","date_gmt":"2023-04-04T23:11:26","guid":{"rendered":"https:\/\/klpa.co\/projeto-cultura\/"},"modified":"2025-02-20T13:12:45","modified_gmt":"2025-02-20T18:12:45","slug":"projeto-cultura","status":"publish","type":"page","link":"https:\/\/klpa.co\/pt-br\/projeto-cultura\/","title":{"rendered":"Projeto Cultura"},"content":{"rendered":"<p>[et_pb_section fb_built=&#8221;1&#8243; _builder_version=&#8221;4.20.4&#8243; _module_preset=&#8221;default&#8221; custom_padding=&#8221;26px||17px|||&#8221; global_colors_info=&#8221;{}&#8221;][et_pb_row _builder_version=&#8221;4.20.4&#8243; _module_preset=&#8221;default&#8221; global_colors_info=&#8221;{}&#8221;][et_pb_column type=&#8221;4_4&#8243; _builder_version=&#8221;4.20.4&#8243; _module_preset=&#8221;default&#8221; global_colors_info=&#8221;{}&#8221;][et_pb_text admin_label=&#8221;KLPA Culture Project title&#8221; _builder_version=&#8221;4.20.4&#8243; _module_preset=&#8221;default&#8221; text_text_color=&#8221;#016E94&#8243; header_text_align=&#8221;center&#8221; header_text_color=&#8221;#003860&#8243; header_font_size=&#8221;44px&#8221; text_orientation=&#8221;center&#8221; custom_padding=&#8221;||20px|||&#8221; global_colors_info=&#8221;{}&#8221;]<\/p>\n<h1>Projeto de Cultura KLPA<\/h1>\n<p>Leia artigos sobre for\u00e7a de trabalho e cultura organizacional, cultura azul, projetos recentes, depoimentos e muito mais.<\/p>\n<p>[\/et_pb_text][\/et_pb_column][\/et_pb_row][\/et_pb_section][et_pb_section fb_built=&#8221;1&#8243; admin_label=&#8221;DF Buttons&#8221; _builder_version=&#8221;4.20.4&#8243; _module_preset=&#8221;default&#8221; custom_margin=&#8221;||0px||false|false&#8221; custom_padding=&#8221;2px||0px||false|false&#8221; global_colors_info=&#8221;{}&#8221;][et_pb_row column_structure=&#8221;1_6,1_6,1_6,1_6,1_6,1_6&#8243; use_custom_gutter=&#8221;on&#8221; gutter_width=&#8221;1&#8243; _builder_version=&#8221;4.20.4&#8243; _module_preset=&#8221;default&#8221; custom_css_main_element=&#8221;display:flex;&#8221; global_colors_info=&#8221;{}&#8221;][et_pb_column type=&#8221;1_6&#8243; _builder_version=&#8221;4.20.4&#8243; _module_preset=&#8221;default&#8221; global_colors_info=&#8221;{}&#8221;][et_pb_text admin_label=&#8221;All filter&#8221; module_class=&#8221;df-button&#8221; _builder_version=&#8221;4.20.4&#8243; _module_preset=&#8221;default&#8221; header_4_text_color=&#8221;#FC8A32&#8243; text_orientation=&#8221;center&#8221; global_colors_info=&#8221;{}&#8221;]<\/p>\n<h4>Todo<\/h4>\n<p>[\/et_pb_text][\/et_pb_column][et_pb_column type=&#8221;1_6&#8243; _builder_version=&#8221;4.20.4&#8243; _module_preset=&#8221;default&#8221; global_colors_info=&#8221;{}&#8221;][et_pb_text module_class=&#8221;df-button dfc-dei-projetos-de-cultura&#8221; _builder_version=&#8221;4.27.2&#8243; _module_preset=&#8221;default&#8221; header_4_text_color=&#8221;#FC8A32&#8243; text_orientation=&#8221;center&#8221; hover_enabled=&#8221;0&#8243; global_colors_info=&#8221;{}&#8221; sticky_enabled=&#8221;0&#8243;]<\/p>\n<h4>Projetos de Cultura<\/h4>\n<p>[\/et_pb_text][\/et_pb_column][et_pb_column type=&#8221;1_6&#8243; _builder_version=&#8221;4.20.4&#8243; _module_preset=&#8221;default&#8221; global_colors_info=&#8221;{}&#8221;][et_pb_text module_class=&#8221;df-button dfc-seguranca-cultural&#8221; _builder_version=&#8221;4.21.0&#8243; _module_preset=&#8221;default&#8221; header_4_text_align=&#8221;right&#8221; header_4_text_color=&#8221;#FC8A32&#8243; text_orientation=&#8221;center&#8221; header_4_text_align_tablet=&#8221;center&#8221; header_4_text_align_phone=&#8221;center&#8221; header_4_text_align_last_edited=&#8221;on|phone&#8221; global_colors_info=&#8221;{}&#8221;]<\/p>\n<h4>Seguran\u00e7a Cultural<\/h4>\n<p>[\/et_pb_text][\/et_pb_column][et_pb_column type=&#8221;1_6&#8243; _builder_version=&#8221;4.20.4&#8243; _module_preset=&#8221;default&#8221; global_colors_info=&#8221;{}&#8221;][et_pb_text module_class=&#8221;df-button dfc-investigacao&#8221; _builder_version=&#8221;4.21.0&#8243; _module_preset=&#8221;default&#8221; header_4_text_color=&#8221;#FC8A32&#8243; text_orientation=&#8221;center&#8221; custom_margin=&#8221;|||22px|false|false&#8221; custom_margin_tablet=&#8221;|||0px|false|false&#8221; custom_margin_phone=&#8221;|||0px|false|false&#8221; custom_margin_last_edited=&#8221;on|phone&#8221; global_colors_info=&#8221;{}&#8221;]<\/p>\n<h4>Investiga\u00e7\u00e3o<\/h4>\n<p>[\/et_pb_text][\/et_pb_column][et_pb_column type=&#8221;1_6&#8243; _builder_version=&#8221;4.20.4&#8243; _module_preset=&#8221;default&#8221; global_colors_info=&#8221;{}&#8221;][et_pb_text module_class=&#8221;df-button dfc-cultura-azul&#8221; _builder_version=&#8221;4.21.0&#8243; _module_preset=&#8221;default&#8221; header_4_text_color=&#8221;#FC8A32&#8243; text_orientation=&#8221;center&#8221; global_colors_info=&#8221;{}&#8221;]<\/p>\n<h4>Cultura Azul<\/h4>\n<p>[\/et_pb_text][\/et_pb_column][et_pb_column type=&#8221;1_6&#8243; _builder_version=&#8221;4.20.4&#8243; _module_preset=&#8221;default&#8221; global_colors_info=&#8221;{}&#8221;][et_pb_text module_class=&#8221;df-button dfc-depoimentos&#8221; _builder_version=&#8221;4.21.0&#8243; _module_preset=&#8221;default&#8221; header_4_text_color=&#8221;#FC8A32&#8243; text_orientation=&#8221;center&#8221; global_colors_info=&#8221;{}&#8221;]<\/p>\n<h4>Depoimentos<\/h4>\n<p>[\/et_pb_text][\/et_pb_column][\/et_pb_row][\/et_pb_section][et_pb_section fb_built=&#8221;1&#8243; custom_padding_last_edited=&#8221;on|phone&#8221; next_background_color=&#8221;#016E94&#8243; module_class=&#8221;df-area df-post&#8221; _builder_version=&#8221;4.20.4&#8243; _module_preset=&#8221;default&#8221; custom_margin=&#8221;20px||||false|false&#8221; custom_margin_tablet=&#8221;||0px||false|false&#8221; custom_margin_phone=&#8221;0px||||false|false&#8221; custom_margin_last_edited=&#8221;on|tablet&#8221; custom_padding=&#8221;||80px||false|false&#8221; custom_padding_tablet=&#8221;||66px||false|false&#8221; custom_padding_phone=&#8221;||62px||false|false&#8221; bottom_divider_style=&#8221;wave2&#8243; bottom_divider_height=&#8221;90px&#8221; bottom_divider_height_tablet=&#8221;60px&#8221; bottom_divider_height_phone=&#8221;60px&#8221; bottom_divider_height_last_edited=&#8221;on|phone&#8221; global_colors_info=&#8221;{}&#8221;][et_pb_row use_custom_gutter=&#8221;on&#8221; _builder_version=&#8221;4.20.4&#8243; _module_preset=&#8221;default&#8221; global_colors_info=&#8221;{}&#8221;][et_pb_column type=&#8221;4_4&#8243; _builder_version=&#8221;4.20.4&#8243; _module_preset=&#8221;default&#8221; global_colors_info=&#8221;{}&#8221;][et_pb_blog fullwidth=&#8221;off&#8221; posts_number=&#8221;6&#8243; include_categories=&#8221;93,95,97,96,all,94&#8243; show_more=&#8221;on&#8221; show_author=&#8221;off&#8221; _builder_version=&#8221;4.21.0&#8243; _module_preset=&#8221;default&#8221; header_font_size=&#8221;24px&#8221; body_font_size=&#8221;17px&#8221; body_line_height=&#8221;1.4em&#8221; meta_font=&#8221;|||on|||||&#8221; meta_text_color=&#8221;#003860&#8243; meta_font_size=&#8221;15px&#8221; read_more_font=&#8221;|||on|||||&#8221; read_more_font_size=&#8221;15px&#8221; read_more_line_height=&#8221;2em&#8221; width_tablet=&#8221;90%&#8221; width_phone=&#8221;90%&#8221; width_last_edited=&#8221;on|phone&#8221; module_alignment=&#8221;center&#8221; global_colors_info=&#8221;{}&#8221;][\/et_pb_blog][\/et_pb_column][\/et_pb_row][\/et_pb_section][et_pb_section fb_built=&#8221;1&#8243; next_background_color=&#8221;#ffffff&#8221; _builder_version=&#8221;4.20.4&#8243; _module_preset=&#8221;default&#8221; background_color=&#8221;#016E94&#8243; custom_padding=&#8221;11px||110px|||&#8221; top_divider_height_tablet=&#8221;60px&#8221; top_divider_height_phone=&#8221;60px&#8221; top_divider_height_last_edited=&#8221;on|phone&#8221; bottom_divider_style=&#8221;wave2&#8243; bottom_divider_height=&#8221;90px&#8221; bottom_divider_height_tablet=&#8221;60px&#8221; bottom_divider_height_phone=&#8221;60px&#8221; bottom_divider_height_last_edited=&#8221;on|phone&#8221; global_colors_info=&#8221;{}&#8221;][et_pb_row _builder_version=&#8221;4.20.4&#8243; _module_preset=&#8221;default&#8221; global_colors_info=&#8221;{}&#8221;][et_pb_column type=&#8221;4_4&#8243; _builder_version=&#8221;4.20.4&#8243; _module_preset=&#8221;default&#8221; global_colors_info=&#8221;{}&#8221;][et_pb_signup mailchimp_list=&#8221;KLPA|9321973ad1&#8243; layout=&#8221;top_bottom&#8221; first_name_field=&#8221;off&#8221; last_name_field=&#8221;off&#8221; title=&#8221;Conte\u00fado exclusivo do KLPA&#8221; description=&#8221;<\/p>\n<p>Inscreva-se aqui para receber conte\u00fado exclusivo entregue em sua caixa de entrada, incluindo atualiza\u00e7\u00f5es do projeto, insights e artigos de nossos pesquisadores. Juntar-se \u00e0 nossa lista de discuss\u00e3o \u00e9 totalmente gratuito e voc\u00ea pode cancelar a inscri\u00e7\u00e3o a qualquer momento. Juntar-se \u00e0 nossa lista de discuss\u00e3o \u00e9 totalmente gratuito e voc\u00ea pode cancelar a inscri\u00e7\u00e3o a qualquer momento.<\/p>\n<p>&#8221; module_class=&#8221;culture-project-optin&#8221; _builder_version=&#8221;4.20.4&#8243; _module_preset=&#8221;f5dd8511-592b-43f8-b02a-fca5b467e34a&#8221; form_field_background_color=&#8221;rgba(255,255,255,0.2)&#8221; form_field_text_color=&#8221;#FFFFFF&#8221; form_field_custom_padding=&#8221;20px|24px|20px|24px|true|false&#8221; header_text_align=&#8221;center&#8221; header_text_color=&#8221;#FFFFFF&#8221; body_text_align=&#8221;center&#8221; body_text_color=&#8221;#FFFFFF&#8221; body_font_size=&#8221;19px&#8221; form_field_font=&#8221;Roboto|700||on|||||&#8221; form_field_letter_spacing=&#8221;0.15em&#8221; background_enable_color=&#8221;off&#8221; use_background_color=&#8221;off&#8221; custom_button=&#8221;on&#8221; button_text_size=&#8221;16px&#8221; button_text_color=&#8221;#FC8A32&#8243; button_bg_color=&#8221;#FFFFFF&#8221; button_border_width=&#8221;0px&#8221; button_border_color=&#8221;#FFFFFF&#8221; button_border_radius=&#8221;43px&#8221; button_letter_spacing=&#8221;0.15em&#8221; button_font=&#8221;|700||on|||||&#8221; button_custom_padding=&#8221;20px|24px|20px|24px|true|true&#8221; width=&#8221;93%&#8221; width_tablet=&#8221;93%&#8221; width_phone=&#8221;90%&#8221; width_last_edited=&#8221;on|desktop&#8221; module_alignment=&#8221;center&#8221; custom_margin=&#8221;||4px||false|false&#8221; header_font_size_tablet=&#8221;45px&#8221; header_font_size_phone=&#8221;30px&#8221; header_font_size_last_edited=&#8221;on|phone&#8221; module_alignment_tablet=&#8221;center&#8221; module_alignment_phone=&#8221;center&#8221; module_alignment_last_edited=&#8221;on|phone&#8221; custom_css_newsletter_fields=&#8221;width:500px; margin-bottom:-12px;&#8221; custom_css_newsletter_button=&#8221;width:500px; margin:auto;&#8221; border_radii_fields=&#8221;on|0px|0px|0px|0px&#8221; locked=&#8221;off&#8221; global_colors_info=&#8221;{}&#8221; custom_css_newsletter_fields_last_edited=&#8221;on|phone&#8221; custom_css_newsletter_fields_phone=&#8221;Width:90%;&#8221; custom_css_newsletter_button_last_edited=&#8221;on|phone&#8221; custom_css_newsletter_button_phone=&#8221;width:95%; margin:auto;&#8221; custom_css_newsletter_fields_tablet=&#8221;width:500px; margin-bottom:-12px;&#8221; custom_css_newsletter_button_tablet=&#8221;width:500px; margin:auto;&#8221;][\/et_pb_signup][\/et_pb_column][\/et_pb_row][\/et_pb_section]<\/p>\n","protected":false},"excerpt":{"rendered":"<p>Projeto de Cultura KLPA Leia artigos sobre for\u00e7a de trabalho e cultura organizacional, cultura azul, projetos recentes, depoimentos e muito mais.TodoProjetos de CulturaSeguran\u00e7a CulturalInvestiga\u00e7\u00e3oCultura AzulDepoimentos<\/p>\n","protected":false},"author":1,"featured_media":0,"parent":0,"menu_order":0,"comment_status":"closed","ping_status":"closed","template":"","meta":{"_acf_changed":false,"_et_pb_use_builder":"on","_et_pb_old_content":"","_et_gb_content_width":"","footnotes":""},"class_list":["post-48995","page","type-page","status-publish","hentry"],"acf":[],"yoast_head":"<!-- This site is optimized with the Yoast SEO plugin v26.8 - https:\/\/yoast.com\/product\/yoast-seo-wordpress\/ -->\n<title>Projeto Cultura - KLPAssociates<\/title>\n<meta name=\"robots\" content=\"index, follow, max-snippet:-1, max-image-preview:large, max-video-preview:-1\" \/>\n<link rel=\"canonical\" href=\"https:\/\/klpa.co\/pt-br\/projeto-cultura\/\" \/>\n<meta property=\"og:locale\" content=\"pt_BR\" \/>\n<meta property=\"og:type\" content=\"article\" \/>\n<meta property=\"og:title\" content=\"Projeto Cultura - KLPAssociates\" \/>\n<meta property=\"og:description\" content=\"Projeto de Cultura KLPA Leia artigos sobre for\u00e7a de trabalho e cultura organizacional, cultura azul, projetos recentes, depoimentos e muito mais.TodoProjetos de CulturaSeguran\u00e7a CulturalInvestiga\u00e7\u00e3oCultura AzulDepoimentos\" \/>\n<meta property=\"og:url\" content=\"https:\/\/klpa.co\/pt-br\/projeto-cultura\/\" \/>\n<meta property=\"og:site_name\" content=\"KLPAssociates\" \/>\n<meta property=\"article:modified_time\" content=\"2025-02-20T18:12:45+00:00\" \/>\n<meta name=\"twitter:card\" content=\"summary_large_image\" \/>\n<meta name=\"twitter:label1\" content=\"Est. reading time\" \/>\n\t<meta name=\"twitter:data1\" content=\"3 minutes\" \/>\n<script type=\"application\/ld+json\" class=\"yoast-schema-graph\">{\"@context\":\"https:\/\/schema.org\",\"@graph\":[{\"@type\":\"WebPage\",\"@id\":\"https:\/\/klpa.co\/pt-br\/projeto-cultura\/\",\"url\":\"https:\/\/klpa.co\/pt-br\/projeto-cultura\/\",\"name\":\"Projeto Cultura - KLPAssociates\",\"isPartOf\":{\"@id\":\"https:\/\/klpa.co\/#website\"},\"datePublished\":\"2023-04-04T23:11:26+00:00\",\"dateModified\":\"2025-02-20T18:12:45+00:00\",\"breadcrumb\":{\"@id\":\"https:\/\/klpa.co\/pt-br\/projeto-cultura\/#breadcrumb\"},\"inLanguage\":\"pt-BR\",\"potentialAction\":[{\"@type\":\"ReadAction\",\"target\":[\"https:\/\/klpa.co\/pt-br\/projeto-cultura\/\"]}]},{\"@type\":\"BreadcrumbList\",\"@id\":\"https:\/\/klpa.co\/pt-br\/projeto-cultura\/#breadcrumb\",\"itemListElement\":[{\"@type\":\"ListItem\",\"position\":1,\"name\":\"Home\",\"item\":\"https:\/\/klpa.co\/pt-br\/\"},{\"@type\":\"ListItem\",\"position\":2,\"name\":\"Projeto Cultura\"}]},{\"@type\":\"WebSite\",\"@id\":\"https:\/\/klpa.co\/#website\",\"url\":\"https:\/\/klpa.co\/\",\"name\":\"KLPAssociates\",\"description\":\"Culture for Results\",\"potentialAction\":[{\"@type\":\"SearchAction\",\"target\":{\"@type\":\"EntryPoint\",\"urlTemplate\":\"https:\/\/klpa.co\/?s={search_term_string}\"},\"query-input\":{\"@type\":\"PropertyValueSpecification\",\"valueRequired\":true,\"valueName\":\"search_term_string\"}}],\"inLanguage\":\"pt-BR\"}]}<\/script>\n<!-- \/ Yoast SEO plugin. -->","yoast_head_json":{"title":"Projeto Cultura - KLPAssociates","robots":{"index":"index","follow":"follow","max-snippet":"max-snippet:-1","max-image-preview":"max-image-preview:large","max-video-preview":"max-video-preview:-1"},"canonical":"https:\/\/klpa.co\/pt-br\/projeto-cultura\/","og_locale":"pt_BR","og_type":"article","og_title":"Projeto Cultura - KLPAssociates","og_description":"Projeto de Cultura KLPA Leia artigos sobre for\u00e7a de trabalho e cultura organizacional, cultura azul, projetos recentes, depoimentos e muito mais.TodoProjetos de CulturaSeguran\u00e7a CulturalInvestiga\u00e7\u00e3oCultura AzulDepoimentos","og_url":"https:\/\/klpa.co\/pt-br\/projeto-cultura\/","og_site_name":"KLPAssociates","article_modified_time":"2025-02-20T18:12:45+00:00","twitter_card":"summary_large_image","twitter_misc":{"Est. reading time":"3 minutes"},"schema":{"@context":"https:\/\/schema.org","@graph":[{"@type":"WebPage","@id":"https:\/\/klpa.co\/pt-br\/projeto-cultura\/","url":"https:\/\/klpa.co\/pt-br\/projeto-cultura\/","name":"Projeto Cultura - KLPAssociates","isPartOf":{"@id":"https:\/\/klpa.co\/#website"},"datePublished":"2023-04-04T23:11:26+00:00","dateModified":"2025-02-20T18:12:45+00:00","breadcrumb":{"@id":"https:\/\/klpa.co\/pt-br\/projeto-cultura\/#breadcrumb"},"inLanguage":"pt-BR","potentialAction":[{"@type":"ReadAction","target":["https:\/\/klpa.co\/pt-br\/projeto-cultura\/"]}]},{"@type":"BreadcrumbList","@id":"https:\/\/klpa.co\/pt-br\/projeto-cultura\/#breadcrumb","itemListElement":[{"@type":"ListItem","position":1,"name":"Home","item":"https:\/\/klpa.co\/pt-br\/"},{"@type":"ListItem","position":2,"name":"Projeto Cultura"}]},{"@type":"WebSite","@id":"https:\/\/klpa.co\/#website","url":"https:\/\/klpa.co\/","name":"KLPAssociates","description":"Culture for Results","potentialAction":[{"@type":"SearchAction","target":{"@type":"EntryPoint","urlTemplate":"https:\/\/klpa.co\/?s={search_term_string}"},"query-input":{"@type":"PropertyValueSpecification","valueRequired":true,"valueName":"search_term_string"}}],"inLanguage":"pt-BR"}]}},"_links":{"self":[{"href":"https:\/\/klpa.co\/pt-br\/wp-json\/wp\/v2\/pages\/48995","targetHints":{"allow":["GET"]}}],"collection":[{"href":"https:\/\/klpa.co\/pt-br\/wp-json\/wp\/v2\/pages"}],"about":[{"href":"https:\/\/klpa.co\/pt-br\/wp-json\/wp\/v2\/types\/page"}],"author":[{"embeddable":true,"href":"https:\/\/klpa.co\/pt-br\/wp-json\/wp\/v2\/users\/1"}],"replies":[{"embeddable":true,"href":"https:\/\/klpa.co\/pt-br\/wp-json\/wp\/v2\/comments?post=48995"}],"version-history":[{"count":0,"href":"https:\/\/klpa.co\/pt-br\/wp-json\/wp\/v2\/pages\/48995\/revisions"}],"wp:attachment":[{"href":"https:\/\/klpa.co\/pt-br\/wp-json\/wp\/v2\/media?parent=48995"}],"curies":[{"name":"wp","href":"https:\/\/api.w.org\/{rel}","templated":true}]}}