{"id":48626,"date":"2022-08-19T17:58:58","date_gmt":"2022-08-19T21:58:58","guid":{"rendered":"https:\/\/klpa.co\/casa\/"},"modified":"2025-11-12T16:30:27","modified_gmt":"2025-11-12T21:30:27","slug":"casa","status":"publish","type":"page","link":"https:\/\/klpa.co\/pt-br\/","title":{"rendered":"In\u00edcio"},"content":{"rendered":"<p>[et_pb_section fb_built=&#8221;1&#8243; custom_padding_last_edited=&#8221;on|phone&#8221; next_background_color=&#8221;#ffffff&#8221; admin_label=&#8221;leading header&#8221; _builder_version=&#8221;4.20.4&#8243; _module_preset=&#8221;default&#8221; use_background_color_gradient=&#8221;on&#8221; background_color_gradient_stops=&#8221;rgba(255,255,255,0) 0%|rgba(41,196,169,0) 100%&#8221; background_image=&#8221;https:\/\/klpa.co\/wp-content\/uploads\/2023\/03\/KPLAssociatesHomePageHeaderrBG-1.jpg&#8221; parallax=&#8221;on&#8221; parallax_method=&#8221;off&#8221; min_height=&#8221;566.1px&#8221; min_height_tablet=&#8221;483px&#8221; min_height_phone=&#8221;369px&#8221; min_height_last_edited=&#8221;on|phone&#8221; custom_margin=&#8221;||||false|false&#8221; custom_padding=&#8221;||17px||false|false&#8221; custom_padding_tablet=&#8221;60px||0px||false|false&#8221; custom_padding_phone=&#8221;60px||||false|false&#8221; bottom_divider_style=&#8221;wave2&#8243; bottom_divider_height=&#8221;90px&#8221; bottom_divider_height_tablet=&#8221;90px&#8221; bottom_divider_height_phone=&#8221;60px&#8221; bottom_divider_height_last_edited=&#8221;on|phone&#8221; background_last_edited=&#8221;on|tablet&#8221; use_background_color_gradient_tablet=&#8221;on&#8221; use_background_color_gradient_phone=&#8221;on&#8221; background_color_gradient_direction_tablet=&#8221;98deg&#8221; background_color_gradient_stops_tablet=&#8221;rgba(255,255,255,0) 0%|rgba(255,255,255,0) 44%|rgba(255,255,255,0) 100%&#8221; background_color_gradient_stops_phone=&#8221;#ffffff 0%|rgba(255,255,255,0.45) 44%&#8221; background_color_gradient_overlays_image_tablet=&#8221;on&#8221; background_color_gradient_overlays_image_phone=&#8221;on&#8221; global_colors_info=&#8221;{}&#8221;][et_pb_row custom_padding_last_edited=&#8221;on|phone&#8221; _builder_version=&#8221;4.27.4&#8243; _module_preset=&#8221;default&#8221; transform_scale_tablet=&#8221;&#8221; transform_scale_phone=&#8221;&#8221; transform_scale_last_edited=&#8221;on|phone&#8221; transform_translate_tablet=&#8221;&#8221; transform_translate_phone=&#8221;-491px|-80px&#8221; transform_translate_last_edited=&#8221;on|phone&#8221; transform_translate_linked_phone=&#8221;off&#8221; transform_rotate_tablet=&#8221;&#8221; transform_rotate_phone=&#8221;&#8221; transform_rotate_last_edited=&#8221;on|phone&#8221; transform_skew_tablet=&#8221;&#8221; transform_skew_phone=&#8221;&#8221; transform_skew_last_edited=&#8221;on|phone&#8221; transform_origin_tablet=&#8221;&#8221; transform_origin_phone=&#8221;&#8221; transform_origin_last_edited=&#8221;on|phone&#8221; transform_styles_last_edited=&#8221;on|phone&#8221; width=&#8221;100%&#8221; width_tablet=&#8221;90%&#8221; width_phone=&#8221;81%&#8221; width_last_edited=&#8221;on|phone&#8221; custom_margin=&#8221;|514px||514px||true&#8221; custom_padding=&#8221;0px||0px|0px|false|false&#8221; custom_padding_tablet=&#8221;22px||||false|false&#8221; custom_padding_phone=&#8221;22px|||0px|false|false&#8221; hover_enabled=&#8221;0&#8243; transform_styles_tablet=&#8221;&#8221; transform_styles_phone=&#8221;&#8221; global_colors_info=&#8221;{}&#8221; sticky_enabled=&#8221;0&#8243;][et_pb_column type=&#8221;4_4&#8243; _builder_version=&#8221;4.20.0&#8243; _module_preset=&#8221;default&#8221; global_colors_info=&#8221;{}&#8221;][et_pb_heading title=&#8221;Cultura De Resultados&#8221; _builder_version=&#8221;4.27.4&#8243; _module_preset=&#8221;default&#8221; title_text_color=&#8221;#AFAFAF&#8221; title_font_size=&#8221;62px&#8221; min_height=&#8221;72px&#8221; custom_margin=&#8221;||-1px|||&#8221; custom_padding=&#8221;||0px|||&#8221; global_colors_info=&#8221;{}&#8221;][\/et_pb_heading][et_pb_text ul_type=&#8221;circle&#8221; admin_label=&#8221;Global workforce culture&#8230;&#8221; _builder_version=&#8221;4.27.4&#8243; _module_preset=&#8221;default&#8221; text_font=&#8221;Alumni Sans||||||||&#8221; text_text_color=&#8221;#016E94&#8243; text_font_size=&#8221;30px&#8221; text_line_height=&#8221;1.1em&#8221; ul_line_height=&#8221;1.7em&#8221; header_font=&#8221;Cantata One||||||||&#8221; header_2_font=&#8221;Playfair Display SC|700|||||||&#8221; header_2_text_color=&#8221;rgba(49,82,94,0.65)&#8221; header_2_font_size=&#8221;49px&#8221; custom_margin=&#8221;|18px|||false|false&#8221; custom_margin_tablet=&#8221;|18px|||false|false&#8221; custom_margin_phone=&#8221;|18px|||false|false&#8221; custom_margin_last_edited=&#8221;on|tablet&#8221; custom_padding=&#8221;0px|||13px||&#8221; custom_padding_tablet=&#8221;|||0px|false|false&#8221; custom_padding_phone=&#8221;0px|||0px|false|false&#8221; custom_padding_last_edited=&#8221;on|tablet&#8221; hover_enabled=&#8221;0&#8243; text_text_color_tablet=&#8221;#016E94&#8243; text_text_color_phone=&#8221;#016E94&#8243; text_text_color_last_edited=&#8221;on|tablet&#8221; text_font_size_tablet=&#8221;27px&#8221; text_font_size_phone=&#8221;21px&#8221; text_font_size_last_edited=&#8221;on|phone&#8221; header_2_font_tablet=&#8221;Playfair Display SC|700|||||||&#8221; header_2_font_phone=&#8221;Playfair Display SC|700|||||||&#8221; header_2_font_last_edited=&#8221;on|phone&#8221; header_2_font_size_tablet=&#8221;75px&#8221; header_2_font_size_phone=&#8221;60px&#8221; header_2_font_size_last_edited=&#8221;on|phone&#8221; custom_css_main_element=&#8221; &#8221; text_text_shadow_style=&#8221;preset3&#8243; text_text_shadow_blur_strength=&#8221;0.06em&#8221; text_text_shadow_color=&#8221;#FFFFFF&#8221; header_2_text_shadow_style=&#8221;preset3&#8243; header_2_text_shadow_color=&#8221;#FFFFFF&#8221; global_colors_info=&#8221;{}&#8221; sticky_enabled=&#8221;0&#8243;]<\/p>\n<p><b><i><em><strong>Solu\u00e7\u00f5es baseadas na antropologia para o alinhamento cultural<\/strong><\/em><\/i><\/b><\/p>\n<p>[\/et_pb_text][et_pb_button button_url=&#8221;https:\/\/klpa.co\/pt-br\/avaliacao-gratuita-de-alinhamento-cultural&#8221; button_text=&#8221;Avalia\u00e7\u00e3o gratuita de alinhamento cultural&#8221; _builder_version=&#8221;4.27.4&#8243; _module_preset=&#8221;default&#8221; custom_margin=&#8221;|70px||||&#8221; global_colors_info=&#8221;{}&#8221; custom_padding=&#8221;|7px||||&#8221;][\/et_pb_button][et_pb_button button_url=&#8221;https:\/\/klpa.co\/pt-br\/coaching-de-fora-para-dentro&#8221; button_text=&#8221;Coaching de Fora para Dentro\u2122&#8221; _builder_version=&#8221;4.27.4&#8243; _module_preset=&#8221;default&#8221; custom_margin=&#8221;|65px||||&#8221; global_colors_info=&#8221;{}&#8221;][\/et_pb_button][et_pb_button button_url=&#8221;https:\/\/klpa.co\/pt-br\/diagnostico-de-conversas-sobre-cultura&#8221; button_text=&#8221;Conversas sobre Cultura&#8221; _builder_version=&#8221;4.27.4&#8243; _module_preset=&#8221;default&#8221; custom_margin=&#8221;|28px||||&#8221; custom_padding=&#8221;|22px||||&#8221; global_colors_info=&#8221;{}&#8221; width=&#8221;1070px&#8221;][\/et_pb_button][et_pb_button button_url=&#8221;https:\/\/klpa.co\/pt-br\/abordagem-de-desempenho-otimizado&#8221; button_text=&#8221;Abordagem de Desempenho Otimizado&#8221; _builder_version=&#8221;4.27.4&#8243; _module_preset=&#8221;default&#8221; custom_margin=&#8221;|57px||||&#8221; global_colors_info=&#8221;{}&#8221;][\/et_pb_button][\/et_pb_column][\/et_pb_row][\/et_pb_section][et_pb_section fb_built=&#8221;1&#8243; _builder_version=&#8221;4.20.4&#8243; _module_preset=&#8221;default&#8221; custom_margin=&#8221;||-25px||false|false&#8221; custom_padding=&#8221;27px||23px|||&#8221; bottom_divider_height=&#8221;90px&#8221; global_colors_info=&#8221;{}&#8221;][et_pb_row column_structure=&#8221;2_5,3_5&#8243; use_custom_gutter=&#8221;on&#8221; _builder_version=&#8221;4.20.0&#8243; _module_preset=&#8221;default&#8221; width=&#8221;100%&#8221; width_tablet=&#8221;90%&#8221; width_phone=&#8221;81%&#8221; width_last_edited=&#8221;on|phone&#8221; custom_margin=&#8221;|auto||auto|false|false&#8221; custom_padding=&#8221;||||false|false&#8221; global_colors_info=&#8221;{}&#8221;][et_pb_column type=&#8221;2_5&#8243; _builder_version=&#8221;4.20.0&#8243; _module_preset=&#8221;default&#8221; global_colors_info=&#8221;{}&#8221;][et_pb_image src=&#8221;https:\/\/klpa.co\/wp-content\/uploads\/2023\/03\/KLPAHomeGroup.jpg&#8221; alt=&#8221;KLPA Lideran\u00e7a Cultural Intencional&#8221; title_text=&#8221;Lideran\u00e7a Cultural Intencional&#8221; _builder_version=&#8221;4.20.2&#8243; _module_preset=&#8221;default&#8221; custom_margin=&#8221;14px|||||&#8221; animation_style=&#8221;slide&#8221; animation_direction=&#8221;left&#8221; animation_intensity_slide=&#8221;2%&#8221; global_colors_info=&#8221;{}&#8221;][\/et_pb_image][\/et_pb_column][et_pb_column type=&#8221;3_5&#8243; _builder_version=&#8221;4.20.0&#8243; _module_preset=&#8221;default&#8221; global_colors_info=&#8221;{}&#8221;][et_pb_text admin_label=&#8221;Intentional Cultural Leadership&#8221; _builder_version=&#8221;4.20.4&#8243; _module_preset=&#8221;default&#8221; header_font=&#8221;Cantata One||||||||&#8221; header_2_font=&#8221;||||||||&#8221; header_2_text_color=&#8221;#003860&#8243; header_2_font_size=&#8221;40px&#8221; header_3_font=&#8221;Playfair Display SC|700|||||||&#8221; header_3_font_size=&#8221;32px&#8221; custom_padding=&#8221;9px||4px|||&#8221; header_2_font_tablet=&#8221;Default||||||||&#8221; header_2_font_phone=&#8221;Default||||||||&#8221; header_2_font_last_edited=&#8221;on|tablet&#8221; header_2_font_size_tablet=&#8221;34px&#8221; header_2_font_size_phone=&#8221;32px&#8221; header_2_font_size_last_edited=&#8221;on|phone&#8221; header_3_font_tablet=&#8221;Playfair Display SC|700|||||||&#8221; header_3_font_phone=&#8221;Playfair Display SC|700|||||||&#8221; header_3_font_last_edited=&#8221;on|phone&#8221; text_orientation_tablet=&#8221;left&#8221; text_orientation_phone=&#8221;right&#8221; text_orientation_last_edited=&#8221;on|tablet&#8221; header_2_text_shadow_style=&#8221;preset3&#8243; header_2_text_shadow_color=&#8221;#FFFFFF&#8221; global_colors_info=&#8221;{}&#8221;]<\/p>\n<h2 style=\"margin-bottom: 10px;\">Lideran\u00e7a Cultural Intencional<\/h2>\n<p>A cultura \u00e9 um fator chave de sucesso na melhoria do desempenho dos neg\u00f3cios. Ela orienta os valores e comportamentos de todos em uma organiza\u00e7\u00e3o. Alinhar a Estrat\u00e9gia e Execu\u00e7\u00e3o do Neg\u00f3cio com a Cultura \u00e9 o que diferencia as grandes organiza\u00e7\u00f5es e o fator que leva a resultados. Na KLPA, adotamos uma abordagem baseada em dados ao observar e analisar a cultura. Em seguida, projetamos e desenvolvemos roteiros para lideran\u00e7a cultural intencional que se adaptam \u00e0 sua organiza\u00e7\u00e3o.<\/p>\n<p>[\/et_pb_text][et_pb_button button_text=&#8221;Lidere sua Cultura&#8221; button_alignment=&#8221;left&#8221; admin_label=&#8221;Lead your Culture button&#8221; _builder_version=&#8221;4.20.2&#8243; _module_preset=&#8221;default&#8221; custom_button=&#8221;on&#8221; button_text_size=&#8221;14px&#8221; button_bg_color=&#8221;#FC8A32&#8243; button_border_width=&#8221;0px&#8221; button_border_color=&#8221;#FC8A32&#8243; button_letter_spacing=&#8221;0.15em&#8221; button_font=&#8221;|||on|||||&#8221; button_icon=&#8221;&#x45;||divi||400&#8243; custom_margin=&#8221;||2px|||&#8221; custom_padding=&#8221;10px|30px|10px|30px|true|true&#8221; global_colors_info=&#8221;{}&#8221; button_bg_color__hover_enabled=&#8221;on|hover&#8221; button_border_color__hover_enabled=&#8221;on|desktop&#8221; button_bg_color__hover=&#8221;#FC8A32&#8243; button_bg_enable_color__hover=&#8221;on&#8221; button_border_color__hover=&#8221;#f9d7af&#8221;][\/et_pb_button][\/et_pb_column][\/et_pb_row][\/et_pb_section][et_pb_section fb_built=&#8221;1&#8243; prev_background_color=&#8221;#ffffff&#8221; next_background_color=&#8221;#ffffff&#8221; _builder_version=&#8221;4.20.4&#8243; _module_preset=&#8221;default&#8221; use_background_color_gradient=&#8221;on&#8221; background_color_gradient_stops=&#8221;rgba(252,138,50,0.59) 0%|rgba(252,138,50,0.59) 100%&#8221; background_color_gradient_overlays_image=&#8221;on&#8221; background_image=&#8221;https:\/\/klpa.co\/wp-content\/uploads\/2023\/03\/KLPA_FashionTeam.jpg&#8221; parallax=&#8221;on&#8221; parallax_method=&#8221;off&#8221; custom_margin=&#8221;20px|||||&#8221; custom_padding=&#8221;97px||99px|||&#8221; top_divider_style=&#8221;wave2&#8243; top_divider_height=&#8221;90px&#8221; top_divider_height_tablet=&#8221;90px&#8221; top_divider_height_phone=&#8221;60px&#8221; top_divider_height_last_edited=&#8221;on|phone&#8221; bottom_divider_style=&#8221;wave2&#8243; bottom_divider_height=&#8221;90px&#8221; bottom_divider_height_tablet=&#8221;90px&#8221; bottom_divider_height_phone=&#8221;60px&#8221; bottom_divider_height_last_edited=&#8221;on|desktop&#8221; global_colors_info=&#8221;{}&#8221;][et_pb_row _builder_version=&#8221;4.20.2&#8243; _module_preset=&#8221;default&#8221; width=&#8221;100%&#8221; width_tablet=&#8221;90%&#8221; width_phone=&#8221;90%&#8221; width_last_edited=&#8221;on|phone&#8221; custom_padding=&#8221;72px|||||&#8221; global_colors_info=&#8221;{}&#8221;][et_pb_column type=&#8221;4_4&#8243; _builder_version=&#8221;4.20.2&#8243; _module_preset=&#8221;default&#8221; global_colors_info=&#8221;{}&#8221;][et_pb_text _builder_version=&#8221;4.27.0&#8243; _module_preset=&#8221;default&#8221; header_2_font=&#8221;|800|||||||&#8221; header_2_text_color=&#8221;#FFFFFF&#8221; header_2_font_size=&#8221;62px&#8221; header_3_text_color=&#8221;#FFFFFF&#8221; header_4_font=&#8221;Raleway|500|||||||&#8221; header_4_text_color=&#8221;#FFFFFF&#8221; header_4_font_size=&#8221;34px&#8221; text_orientation=&#8221;center&#8221; text_font_size_tablet=&#8221;&#8221; text_font_size_phone=&#8221;14px&#8221; text_font_size_last_edited=&#8221;on|phone&#8221; header_2_font_size_tablet=&#8221;48px&#8221; header_2_font_size_phone=&#8221;25px&#8221; header_2_font_size_last_edited=&#8221;on|phone&#8221; header_3_font_size_tablet=&#8221;&#8221; header_3_font_size_phone=&#8221;21px&#8221; header_3_font_size_last_edited=&#8221;on|phone&#8221; header_4_font_size_tablet=&#8221;34px&#8221; header_4_font_size_phone=&#8221;18px&#8221; header_4_font_size_last_edited=&#8221;on|phone&#8221; global_colors_info=&#8221;{}&#8221;]<\/p>\n<h3>A Equa\u00e7ao de Cultura KLPA<\/h3>\n<p>&nbsp;<\/p>\n<p>&nbsp;<\/p>\n<h2>DESEMPENHO = (S x E )<sup style=\"font-size: 28px;\">C<\/sup><\/h2>\n<h4>S = Estrat\u00e9gia, E = Execu\u00e7\u00e3o, C = Cultura<\/h4>\n<p>[\/et_pb_text][et_pb_button button_url=&#8221;https:\/\/klpa.co\/pt-br\/contato\/&#8221; button_text=&#8221;Comece Aqui&#8221; button_alignment=&#8221;center&#8221; _builder_version=&#8221;4.20.4&#8243; _module_preset=&#8221;default&#8221; custom_button=&#8221;on&#8221; button_text_color=&#8221;#016E94&#8243; button_bg_color=&#8221;#FFFFFF&#8221; button_border_color=&#8221;#FFFFFF&#8221; global_colors_info=&#8221;{}&#8221;][\/et_pb_button][\/et_pb_column][\/et_pb_row][\/et_pb_section][et_pb_section fb_built=&#8221;1&#8243; next_background_color=&#8221;#142933&#8243; _builder_version=&#8221;4.20.4&#8243; _module_preset=&#8221;default&#8221; custom_margin=&#8221;||||false|false&#8221; custom_padding=&#8221;0px||34px|||&#8221; bottom_divider_style=&#8221;wave2&#8243; bottom_divider_height=&#8221;90px&#8221; bottom_divider_height_tablet=&#8221;60px&#8221; bottom_divider_height_phone=&#8221;60px&#8221; bottom_divider_height_last_edited=&#8221;on|desktop&#8221; global_colors_info=&#8221;{}&#8221;][et_pb_row column_structure=&#8221;1_2,1_2&#8243; use_custom_gutter=&#8221;on&#8221; _builder_version=&#8221;4.20.0&#8243; _module_preset=&#8221;default&#8221; width=&#8221;100%&#8221; width_tablet=&#8221;90%&#8221; width_phone=&#8221;81%&#8221; width_last_edited=&#8221;on|phone&#8221; custom_margin=&#8221;|auto||auto|false|false&#8221; custom_padding=&#8221;16px||83px||false|false&#8221; global_colors_info=&#8221;{}&#8221;][et_pb_column type=&#8221;1_2&#8243; _builder_version=&#8221;4.20.0&#8243; _module_preset=&#8221;default&#8221; global_colors_info=&#8221;{}&#8221;][et_pb_text admin_label=&#8221;Optimize Existing Culture and DE&#038;I Strategies&#8230;&#8221; _builder_version=&#8221;4.20.4&#8243; _module_preset=&#8221;default&#8221; header_font=&#8221;Cantata One||||||||&#8221; header_2_font=&#8221;||||||||&#8221; header_2_text_color=&#8221;#003860&#8243; header_2_font_size=&#8221;40px&#8221; header_3_font=&#8221;Playfair Display SC|700|||||||&#8221; header_3_font_size=&#8221;32px&#8221; custom_padding=&#8221;9px||4px|||&#8221; header_2_font_tablet=&#8221;Default||||||||&#8221; header_2_font_phone=&#8221;Default||||||||&#8221; header_2_font_last_edited=&#8221;on|tablet&#8221; header_2_font_size_tablet=&#8221;34px&#8221; header_2_font_size_phone=&#8221;32px&#8221; header_2_font_size_last_edited=&#8221;on|phone&#8221; header_3_font_tablet=&#8221;Playfair Display SC|700|||||||&#8221; header_3_font_phone=&#8221;Playfair Display SC|700|||||||&#8221; header_3_font_last_edited=&#8221;on|phone&#8221; text_orientation_tablet=&#8221;right&#8221; text_orientation_phone=&#8221;right&#8221; text_orientation_last_edited=&#8221;on|tablet&#8221; header_2_text_shadow_style=&#8221;preset3&#8243; header_2_text_shadow_color=&#8221;#FFFFFF&#8221; global_colors_info=&#8221;{}&#8221;]<\/p>\n<h2 style=\"margin-bottom: 10px; text-align: right;\">Otimizar a cultura existente e as estrat\u00e9gias de DE&amp;I<\/h2>\n<p>Uma organiza\u00e7\u00e3o culturalmente responsiva pode garantir que a for\u00e7a de trabalho opere em um ambiente de alta confian\u00e7a, levando a um melhor desempenho. Na KLPA, podemos ajud\u00e1-lo a analisar a cultura da sua empresa e sistemas de DE&amp;I existentes, maximizando suas pr\u00e1ticas para um maior impacto.<\/p>\n<p>[\/et_pb_text][et_pb_button button_text=&#8221;Mantenha sua cultura&#8221; button_alignment=&#8221;right&#8221; admin_label=&#8221;Maintain your Culture button&#8221; _builder_version=&#8221;4.20.2&#8243; _module_preset=&#8221;default&#8221; custom_button=&#8221;on&#8221; button_text_size=&#8221;14px&#8221; button_bg_color=&#8221;#FC8A32&#8243; button_border_width=&#8221;0px&#8221; button_border_color=&#8221;#FC8A32&#8243; button_letter_spacing=&#8221;0.15em&#8221; button_font=&#8221;|||on|||||&#8221; button_icon=&#8221;&#x45;||divi||400&#8243; custom_margin=&#8221;||2px|||&#8221; custom_padding=&#8221;10px|30px|10px|30px|true|true&#8221; global_colors_info=&#8221;{}&#8221; button_bg_color__hover=&#8221;#FC8A32&#8243; button_bg_color__hover_enabled=&#8221;on|hover&#8221; button_border_color__hover=&#8221;#f9d7af&#8221; button_border_color__hover_enabled=&#8221;on|desktop&#8221;][\/et_pb_button][\/et_pb_column][et_pb_column type=&#8221;1_2&#8243; _builder_version=&#8221;4.20.0&#8243; _module_preset=&#8221;default&#8221; global_colors_info=&#8221;{}&#8221;][et_pb_image src=&#8221;https:\/\/klpa.co\/wp-content\/uploads\/2023\/02\/multiracial-group-of-young-peeps.jpg&#8221; title_text=&#8221;Grupo multirracial de jovens criativos com roupas casuais&#8221; _builder_version=&#8221;4.20.4&#8243; _module_preset=&#8221;default&#8221; min_height_tablet=&#8221;&#8221; min_height_phone=&#8221;&#8221; min_height_last_edited=&#8221;on|phone&#8221; custom_margin=&#8221;13px||||false|false&#8221; animation_style=&#8221;slide&#8221; animation_direction=&#8221;right&#8221; animation_intensity_slide=&#8221;2%&#8221; global_colors_info=&#8221;{}&#8221;][\/et_pb_image][\/et_pb_column][\/et_pb_row][\/et_pb_section]<\/p>\n","protected":false},"excerpt":{"rendered":"<p>Solu\u00e7\u00f5es baseadas na antropologia para o alinhamento culturalLideran\u00e7a Cultural Intencional A cultura \u00e9 um fator chave de sucesso na melhoria do desempenho dos neg\u00f3cios. Ela orienta os valores e comportamentos de todos em uma organiza\u00e7\u00e3o. Alinhar a Estrat\u00e9gia e Execu\u00e7\u00e3o do Neg\u00f3cio com a Cultura \u00e9 o que diferencia as grandes organiza\u00e7\u00f5es e o fator [&hellip;]<\/p>\n","protected":false},"author":1,"featured_media":0,"parent":0,"menu_order":0,"comment_status":"closed","ping_status":"closed","template":"","meta":{"_acf_changed":false,"_et_pb_use_builder":"on","_et_pb_old_content":"","_et_gb_content_width":"","footnotes":""},"class_list":["post-48626","page","type-page","status-publish","hentry"],"acf":[],"yoast_head":"<!-- This site is optimized with the Yoast SEO plugin v26.8 - https:\/\/yoast.com\/product\/yoast-seo-wordpress\/ -->\n<title>In\u00edcio - KLPAssociates<\/title>\n<meta name=\"robots\" content=\"index, follow, max-snippet:-1, max-image-preview:large, max-video-preview:-1\" \/>\n<link rel=\"canonical\" href=\"https:\/\/klpa.co\/pt-br\/\" \/>\n<meta property=\"og:locale\" content=\"pt_BR\" \/>\n<meta property=\"og:type\" content=\"article\" \/>\n<meta property=\"og:title\" content=\"In\u00edcio - KLPAssociates\" \/>\n<meta property=\"og:description\" content=\"Solu\u00e7\u00f5es baseadas na antropologia para o alinhamento culturalLideran\u00e7a Cultural Intencional A cultura \u00e9 um fator chave de sucesso na melhoria do desempenho dos neg\u00f3cios. Ela orienta os valores e comportamentos de todos em uma organiza\u00e7\u00e3o. Alinhar a Estrat\u00e9gia e Execu\u00e7\u00e3o do Neg\u00f3cio com a Cultura \u00e9 o que diferencia as grandes organiza\u00e7\u00f5es e o fator [&hellip;]\" \/>\n<meta property=\"og:url\" content=\"https:\/\/klpa.co\/pt-br\/\" \/>\n<meta property=\"og:site_name\" content=\"KLPAssociates\" \/>\n<meta property=\"article:modified_time\" content=\"2025-11-12T21:30:27+00:00\" \/>\n<meta name=\"twitter:card\" content=\"summary_large_image\" \/>\n<meta name=\"twitter:label1\" content=\"Est. reading time\" \/>\n\t<meta name=\"twitter:data1\" content=\"2 minutes\" \/>\n<script type=\"application\/ld+json\" class=\"yoast-schema-graph\">{\"@context\":\"https:\/\/schema.org\",\"@graph\":[{\"@type\":\"WebPage\",\"@id\":\"https:\/\/klpa.co\/pt-br\/\",\"url\":\"https:\/\/klpa.co\/pt-br\/\",\"name\":\"In\u00edcio - KLPAssociates\",\"isPartOf\":{\"@id\":\"https:\/\/klpa.co\/#website\"},\"datePublished\":\"2022-08-19T21:58:58+00:00\",\"dateModified\":\"2025-11-12T21:30:27+00:00\",\"breadcrumb\":{\"@id\":\"https:\/\/klpa.co\/pt-br\/#breadcrumb\"},\"inLanguage\":\"pt-BR\",\"potentialAction\":[{\"@type\":\"ReadAction\",\"target\":[\"https:\/\/klpa.co\/pt-br\/\"]}]},{\"@type\":\"BreadcrumbList\",\"@id\":\"https:\/\/klpa.co\/pt-br\/#breadcrumb\",\"itemListElement\":[{\"@type\":\"ListItem\",\"position\":1,\"name\":\"Home\",\"item\":\"https:\/\/klpa.co\/pt-br\/\"},{\"@type\":\"ListItem\",\"position\":2,\"name\":\"In\u00edcio\"}]},{\"@type\":\"WebSite\",\"@id\":\"https:\/\/klpa.co\/#website\",\"url\":\"https:\/\/klpa.co\/\",\"name\":\"KLPAssociates\",\"description\":\"Culture for Results\",\"potentialAction\":[{\"@type\":\"SearchAction\",\"target\":{\"@type\":\"EntryPoint\",\"urlTemplate\":\"https:\/\/klpa.co\/?s={search_term_string}\"},\"query-input\":{\"@type\":\"PropertyValueSpecification\",\"valueRequired\":true,\"valueName\":\"search_term_string\"}}],\"inLanguage\":\"pt-BR\"}]}<\/script>\n<!-- \/ Yoast SEO plugin. -->","yoast_head_json":{"title":"In\u00edcio - KLPAssociates","robots":{"index":"index","follow":"follow","max-snippet":"max-snippet:-1","max-image-preview":"max-image-preview:large","max-video-preview":"max-video-preview:-1"},"canonical":"https:\/\/klpa.co\/pt-br\/","og_locale":"pt_BR","og_type":"article","og_title":"In\u00edcio - KLPAssociates","og_description":"Solu\u00e7\u00f5es baseadas na antropologia para o alinhamento culturalLideran\u00e7a Cultural Intencional A cultura \u00e9 um fator chave de sucesso na melhoria do desempenho dos neg\u00f3cios. Ela orienta os valores e comportamentos de todos em uma organiza\u00e7\u00e3o. Alinhar a Estrat\u00e9gia e Execu\u00e7\u00e3o do Neg\u00f3cio com a Cultura \u00e9 o que diferencia as grandes organiza\u00e7\u00f5es e o fator [&hellip;]","og_url":"https:\/\/klpa.co\/pt-br\/","og_site_name":"KLPAssociates","article_modified_time":"2025-11-12T21:30:27+00:00","twitter_card":"summary_large_image","twitter_misc":{"Est. reading time":"2 minutes"},"schema":{"@context":"https:\/\/schema.org","@graph":[{"@type":"WebPage","@id":"https:\/\/klpa.co\/pt-br\/","url":"https:\/\/klpa.co\/pt-br\/","name":"In\u00edcio - KLPAssociates","isPartOf":{"@id":"https:\/\/klpa.co\/#website"},"datePublished":"2022-08-19T21:58:58+00:00","dateModified":"2025-11-12T21:30:27+00:00","breadcrumb":{"@id":"https:\/\/klpa.co\/pt-br\/#breadcrumb"},"inLanguage":"pt-BR","potentialAction":[{"@type":"ReadAction","target":["https:\/\/klpa.co\/pt-br\/"]}]},{"@type":"BreadcrumbList","@id":"https:\/\/klpa.co\/pt-br\/#breadcrumb","itemListElement":[{"@type":"ListItem","position":1,"name":"Home","item":"https:\/\/klpa.co\/pt-br\/"},{"@type":"ListItem","position":2,"name":"In\u00edcio"}]},{"@type":"WebSite","@id":"https:\/\/klpa.co\/#website","url":"https:\/\/klpa.co\/","name":"KLPAssociates","description":"Culture for Results","potentialAction":[{"@type":"SearchAction","target":{"@type":"EntryPoint","urlTemplate":"https:\/\/klpa.co\/?s={search_term_string}"},"query-input":{"@type":"PropertyValueSpecification","valueRequired":true,"valueName":"search_term_string"}}],"inLanguage":"pt-BR"}]}},"_links":{"self":[{"href":"https:\/\/klpa.co\/pt-br\/wp-json\/wp\/v2\/pages\/48626","targetHints":{"allow":["GET"]}}],"collection":[{"href":"https:\/\/klpa.co\/pt-br\/wp-json\/wp\/v2\/pages"}],"about":[{"href":"https:\/\/klpa.co\/pt-br\/wp-json\/wp\/v2\/types\/page"}],"author":[{"embeddable":true,"href":"https:\/\/klpa.co\/pt-br\/wp-json\/wp\/v2\/users\/1"}],"replies":[{"embeddable":true,"href":"https:\/\/klpa.co\/pt-br\/wp-json\/wp\/v2\/comments?post=48626"}],"version-history":[{"count":5,"href":"https:\/\/klpa.co\/pt-br\/wp-json\/wp\/v2\/pages\/48626\/revisions"}],"predecessor-version":[{"id":50342,"href":"https:\/\/klpa.co\/pt-br\/wp-json\/wp\/v2\/pages\/48626\/revisions\/50342"}],"wp:attachment":[{"href":"https:\/\/klpa.co\/pt-br\/wp-json\/wp\/v2\/media?parent=48626"}],"curies":[{"name":"wp","href":"https:\/\/api.w.org\/{rel}","templated":true}]}}