{"id":48430,"date":"2023-03-21T16:44:40","date_gmt":"2023-03-21T16:44:40","guid":{"rendered":"https:\/\/klpa.co\/inscricao\/"},"modified":"2025-11-08T02:39:15","modified_gmt":"2025-11-08T07:39:15","slug":"inscricao","status":"publish","type":"page","link":"https:\/\/klpa.co\/pt-br\/inscricao\/","title":{"rendered":"Inscri\u00e7\u00e3o"},"content":{"rendered":"<p>[et_pb_section fb_built=&#8221;1&#8243; admin_label=&#8221;section&#8221; _builder_version=&#8221;4.16&#8243; global_colors_info=&#8221;{}&#8221;][et_pb_row admin_label=&#8221;row&#8221; _builder_version=&#8221;4.16&#8243; background_size=&#8221;initial&#8221; background_position=&#8221;top_left&#8221; background_repeat=&#8221;repeat&#8221; global_colors_info=&#8221;{}&#8221;][et_pb_column type=&#8221;4_4&#8243; _builder_version=&#8221;4.16&#8243; custom_padding=&#8221;|||&#8221; global_colors_info=&#8221;{}&#8221; custom_padding__hover=&#8221;|||&#8221;][et_pb_text _builder_version=&#8221;4.20.4&#8243; _module_preset=&#8221;default&#8221; custom_padding=&#8221;36px|||||&#8221; global_colors_info=&#8221;{}&#8221;]<\/p>\n<h2>Junte-se a n\u00f3s<\/h2>\n<p>Inscreva-se aqui para receber atualiza\u00e7\u00f5es gratuitas do projeto, bem como insights e artigos de nossos pesquisadores. O conte\u00fado especial do Membro est\u00e1 dispon\u00edvel exclusivamente para assinantes registrados.<\/p>\n<p><em>Juntar-se \u00e0 nossa lista de discuss\u00e3o \u00e9 totalmente gratuito e voc\u00ea pode cancelar a inscri\u00e7\u00e3o a qualquer momento.<\/em><\/p>\n<p>[\/et_pb_text][et_pb_text admin_label=&#8221;WP Member Registration Shortcode&#8221; _builder_version=&#8221;4.20.4&#8243; background_size=&#8221;initial&#8221; background_position=&#8221;top_left&#8221; background_repeat=&#8221;repeat&#8221; global_colors_info=&#8221;{}&#8221;]<\/p>\n<p>[wp_eMember_registration]<\/p>\n<p>[\/et_pb_text][\/et_pb_column][\/et_pb_row][\/et_pb_section]<\/p>\n","protected":false},"excerpt":{"rendered":"<p>Junte-se a n\u00f3s Inscreva-se aqui para receber atualiza\u00e7\u00f5es gratuitas do projeto, bem como insights e artigos de nossos pesquisadores. O conte\u00fado especial do Membro est\u00e1 dispon\u00edvel exclusivamente para assinantes registrados. Juntar-se \u00e0 nossa lista de discuss\u00e3o \u00e9 totalmente gratuito e voc\u00ea pode cancelar a inscri\u00e7\u00e3o a qualquer momento.[wp_eMember_registration]<\/p>\n","protected":false},"author":1,"featured_media":0,"parent":0,"menu_order":0,"comment_status":"closed","ping_status":"closed","template":"","meta":{"_acf_changed":false,"_et_pb_use_builder":"on","_et_pb_old_content":"","_et_gb_content_width":"","footnotes":""},"class_list":["post-48430","page","type-page","status-publish","hentry"],"acf":[],"yoast_head":"<!-- This site is optimized with the Yoast SEO plugin v26.8 - https:\/\/yoast.com\/product\/yoast-seo-wordpress\/ -->\n<title>Inscri\u00e7\u00e3o - KLPAssociates<\/title>\n<meta name=\"robots\" content=\"index, follow, max-snippet:-1, max-image-preview:large, max-video-preview:-1\" \/>\n<link rel=\"canonical\" href=\"https:\/\/klpa.co\/inscricao\/\" \/>\n<meta property=\"og:locale\" content=\"pt_BR\" \/>\n<meta property=\"og:type\" content=\"article\" \/>\n<meta property=\"og:title\" content=\"Inscri\u00e7\u00e3o - KLPAssociates\" \/>\n<meta property=\"og:description\" content=\"Junte-se a n\u00f3s Inscreva-se aqui para receber atualiza\u00e7\u00f5es gratuitas do projeto, bem como insights e artigos de nossos pesquisadores. O conte\u00fado especial do Membro est\u00e1 dispon\u00edvel exclusivamente para assinantes registrados. Juntar-se \u00e0 nossa lista de discuss\u00e3o \u00e9 totalmente gratuito e voc\u00ea pode cancelar a inscri\u00e7\u00e3o a qualquer momento.[wp_eMember_registration]\" \/>\n<meta property=\"og:url\" content=\"https:\/\/klpa.co\/inscricao\/\" \/>\n<meta property=\"og:site_name\" content=\"KLPAssociates\" \/>\n<meta property=\"article:modified_time\" content=\"2025-11-08T07:39:15+00:00\" \/>\n<meta name=\"twitter:card\" content=\"summary_large_image\" \/>\n<meta name=\"twitter:label1\" content=\"Est. reading time\" \/>\n\t<meta name=\"twitter:data1\" content=\"1 minute\" \/>\n<script type=\"application\/ld+json\" class=\"yoast-schema-graph\">{\"@context\":\"https:\/\/schema.org\",\"@graph\":[{\"@type\":\"WebPage\",\"@id\":\"https:\/\/klpa.co\/inscricao\/\",\"url\":\"https:\/\/klpa.co\/inscricao\/\",\"name\":\"Inscri\u00e7\u00e3o - KLPAssociates\",\"isPartOf\":{\"@id\":\"https:\/\/klpa.co\/#website\"},\"datePublished\":\"2023-03-21T16:44:40+00:00\",\"dateModified\":\"2025-11-08T07:39:15+00:00\",\"breadcrumb\":{\"@id\":\"https:\/\/klpa.co\/inscricao\/#breadcrumb\"},\"inLanguage\":\"pt-BR\",\"potentialAction\":[{\"@type\":\"ReadAction\",\"target\":[\"https:\/\/klpa.co\/inscricao\/\"]}]},{\"@type\":\"BreadcrumbList\",\"@id\":\"https:\/\/klpa.co\/inscricao\/#breadcrumb\",\"itemListElement\":[{\"@type\":\"ListItem\",\"position\":1,\"name\":\"Home\",\"item\":\"https:\/\/klpa.co\/pt-br\/\"},{\"@type\":\"ListItem\",\"position\":2,\"name\":\"Inscri\u00e7\u00e3o\"}]},{\"@type\":\"WebSite\",\"@id\":\"https:\/\/klpa.co\/#website\",\"url\":\"https:\/\/klpa.co\/\",\"name\":\"KLPAssociates\",\"description\":\"Culture for Results\",\"potentialAction\":[{\"@type\":\"SearchAction\",\"target\":{\"@type\":\"EntryPoint\",\"urlTemplate\":\"https:\/\/klpa.co\/?s={search_term_string}\"},\"query-input\":{\"@type\":\"PropertyValueSpecification\",\"valueRequired\":true,\"valueName\":\"search_term_string\"}}],\"inLanguage\":\"pt-BR\"}]}<\/script>\n<!-- \/ Yoast SEO plugin. -->","yoast_head_json":{"title":"Inscri\u00e7\u00e3o - KLPAssociates","robots":{"index":"index","follow":"follow","max-snippet":"max-snippet:-1","max-image-preview":"max-image-preview:large","max-video-preview":"max-video-preview:-1"},"canonical":"https:\/\/klpa.co\/inscricao\/","og_locale":"pt_BR","og_type":"article","og_title":"Inscri\u00e7\u00e3o - KLPAssociates","og_description":"Junte-se a n\u00f3s Inscreva-se aqui para receber atualiza\u00e7\u00f5es gratuitas do projeto, bem como insights e artigos de nossos pesquisadores. O conte\u00fado especial do Membro est\u00e1 dispon\u00edvel exclusivamente para assinantes registrados. Juntar-se \u00e0 nossa lista de discuss\u00e3o \u00e9 totalmente gratuito e voc\u00ea pode cancelar a inscri\u00e7\u00e3o a qualquer momento.[wp_eMember_registration]","og_url":"https:\/\/klpa.co\/inscricao\/","og_site_name":"KLPAssociates","article_modified_time":"2025-11-08T07:39:15+00:00","twitter_card":"summary_large_image","twitter_misc":{"Est. reading time":"1 minute"},"schema":{"@context":"https:\/\/schema.org","@graph":[{"@type":"WebPage","@id":"https:\/\/klpa.co\/inscricao\/","url":"https:\/\/klpa.co\/inscricao\/","name":"Inscri\u00e7\u00e3o - KLPAssociates","isPartOf":{"@id":"https:\/\/klpa.co\/#website"},"datePublished":"2023-03-21T16:44:40+00:00","dateModified":"2025-11-08T07:39:15+00:00","breadcrumb":{"@id":"https:\/\/klpa.co\/inscricao\/#breadcrumb"},"inLanguage":"pt-BR","potentialAction":[{"@type":"ReadAction","target":["https:\/\/klpa.co\/inscricao\/"]}]},{"@type":"BreadcrumbList","@id":"https:\/\/klpa.co\/inscricao\/#breadcrumb","itemListElement":[{"@type":"ListItem","position":1,"name":"Home","item":"https:\/\/klpa.co\/pt-br\/"},{"@type":"ListItem","position":2,"name":"Inscri\u00e7\u00e3o"}]},{"@type":"WebSite","@id":"https:\/\/klpa.co\/#website","url":"https:\/\/klpa.co\/","name":"KLPAssociates","description":"Culture for Results","potentialAction":[{"@type":"SearchAction","target":{"@type":"EntryPoint","urlTemplate":"https:\/\/klpa.co\/?s={search_term_string}"},"query-input":{"@type":"PropertyValueSpecification","valueRequired":true,"valueName":"search_term_string"}}],"inLanguage":"pt-BR"}]}},"_links":{"self":[{"href":"https:\/\/klpa.co\/pt-br\/wp-json\/wp\/v2\/pages\/48430","targetHints":{"allow":["GET"]}}],"collection":[{"href":"https:\/\/klpa.co\/pt-br\/wp-json\/wp\/v2\/pages"}],"about":[{"href":"https:\/\/klpa.co\/pt-br\/wp-json\/wp\/v2\/types\/page"}],"author":[{"embeddable":true,"href":"https:\/\/klpa.co\/pt-br\/wp-json\/wp\/v2\/users\/1"}],"replies":[{"embeddable":true,"href":"https:\/\/klpa.co\/pt-br\/wp-json\/wp\/v2\/comments?post=48430"}],"version-history":[{"count":1,"href":"https:\/\/klpa.co\/pt-br\/wp-json\/wp\/v2\/pages\/48430\/revisions"}],"predecessor-version":[{"id":50272,"href":"https:\/\/klpa.co\/pt-br\/wp-json\/wp\/v2\/pages\/48430\/revisions\/50272"}],"wp:attachment":[{"href":"https:\/\/klpa.co\/pt-br\/wp-json\/wp\/v2\/media?parent=48430"}],"curies":[{"name":"wp","href":"https:\/\/api.w.org\/{rel}","templated":true}]}}